{"id":2105,"date":"2023-09-18T10:40:37","date_gmt":"2023-09-18T10:40:37","guid":{"rendered":"http:\/\/localhost:8001\/?page_id=2105"},"modified":"2024-05-08T16:20:45","modified_gmt":"2024-05-08T16:20:45","slug":"privacy-policy","status":"publish","type":"page","link":"https:\/\/tabsoft.pl\/en\/privacy-policy\/","title":{"rendered":"Privacy Policy"},"content":{"rendered":"<div data-elementor-type=\"wp-page\" data-elementor-id=\"2105\" class=\"elementor elementor-2105\">\n\t\t\t\t<div class=\"elementor-element elementor-element-346cd15 e-flex e-con-boxed e-con e-parent\" data-id=\"346cd15\" data-element_type=\"container\" data-e-type=\"container\" data-settings=\"{&quot;background_background&quot;:&quot;classic&quot;}\">\n\t\t\t\t\t<div class=\"e-con-inner\">\n\t\t\t\t\t<\/div>\n\t\t\t\t<\/div>\n\t\t<div class=\"elementor-element elementor-element-7d1e06ca e-flex e-con-boxed e-con e-parent\" data-id=\"7d1e06ca\" data-element_type=\"container\" data-e-type=\"container\">\n\t\t\t\t\t<div class=\"e-con-inner\">\n\t\t\t\t<div class=\"elementor-element elementor-element-79af9e47 elementor-widget elementor-widget-text-editor\" data-id=\"79af9e47\" data-element_type=\"widget\" data-e-type=\"widget\" data-widget_type=\"text-editor.default\">\n\t\t\t\t<div class=\"elementor-widget-container\">\n\t\t\t\t\t\t\t\t\t<h1 style=\"text-align: center;\">Privacy policy<\/h1><p>The following Cookie Policy sets out the rules for saving and accessing data on the Devices of Users using the Website for the purposes of providing services electronically by the Website Administrator.<\/p><h2 style=\"text-align: center;\">\u00a7 1 Definitions<\/h2><ul><li><p><strong>Service<\/strong> \u2013 website operating at: <span id=\"serwis\"><span class=\"colored\">tabsoft.pl<\/span><\/span><\/p><\/li><li><p><strong>External service<\/strong> \u2013 website of the Administrator&#039;s partners, service providers or service recipients<\/p><\/li><li><p><strong>Administrator<\/strong> - business <span id=\"firma\"><span class=\"colored\">TABSoft Dariusz Tabaczy\u0144ski<\/span>, operating at the following address: <span class=\"colored\">street Morszy\u0144ska 44\/46, 60-464 Pozna\u0144<\/span>, with the assigned tax identification number (NIP): <span class=\"colored\">7781097557<\/span><\/span>, providing services electronically via the Website and storing and accessing information on User&#039;s devices<\/p><\/li><li><p><strong>User<\/strong> \u2013 a natural person for whom the Administrator provides services electronically via the Website.<\/p><\/li><li><p><strong>Device<\/strong> \u2013 electronic device with software through which the User gains access to the Website<\/p><\/li><li><p><strong>Cookies (cookies)<\/strong> \u2013 text data collected in the form of files placed on the User&#039;s Device<\/p><\/li><\/ul><h2 style=\"text-align: center;\">\u00a7 2 Types of Cookies<\/h2><ul><li><p><strong>Internal cookies<\/strong> \u2013 files uploaded and read from the User&#039;s Device via the Website&#039;s IT system<\/p><\/li><li><p><strong>Third-party cookies<\/strong> \u2013 files posted and read from the User&#039;s Device by the IT systems of external websites<\/p><\/li><li><p><strong>Session cookies<\/strong> \u2013 files uploaded and read from the User&#039;s Device by the Website <span id=\"sz1\" style=\"display: inline;\">or External websites<\/span> during one session of a given Device. After the session ends, the files are deleted from the User&#039;s Device.<\/p><\/li><li><p><strong>Persistent cookies<\/strong> \u2013 files uploaded and read from the User&#039;s Device by the Website <span id=\"sz2\" style=\"display: inline;\">or External websites<\/span> until they are manually removed. Files are not deleted automatically after the end of the Device session, unless the configuration of the User&#039;s Device is set to delete cookies after the end of the Device session.<\/p><\/li><\/ul><h2 style=\"text-align: center;\">\u00a7 3 Security<\/h2><ul><li><p><strong>Storage and reading mechanisms<\/strong> \u2013 Cookie storage and reading mechanisms do not allow downloading any personal data or any confidential information from the User&#039;s Device. It is practically impossible to transfer viruses, Trojan horses and other worms to the User&#039;s Device.<\/p><\/li><li><p><strong>Internal cookies<\/strong> \u2013 internal cookies used by the Administrator are safe for Users&#039; Devices<\/p><\/li><li><p><strong>Third party cookies<\/strong> \u2013 The Administrator is not responsible for the security of cookies from the Website&#039;s partners. The list of partners is provided further in the Cookie Policy.<\/p><\/li><\/ul><h2 style=\"text-align: center;\">\u00a7 4 Purposes for which cookies are used<\/h2><ul id=\"cele\"><li><p><strong><span class=\"colored\">Statistic data<\/span><\/strong> \u2013 Administrator <span id=\"sz4\" style=\"display: inline;\">and External websites<\/span> uses cookies to collect and process statistical data, such as visit statistics, user device statistics and user behavior statistics. This data is collected for the purpose of analyzing and improving the Website.<\/p><\/li><li><p><strong><span class=\"colored\">Serving multimedia services<\/span><\/strong> \u2013 Administrator <span id=\"sz5\" style=\"display: inline;\">and External websites<\/span> uses cookies to serve multimedia services to Users.<\/p><\/li><\/ul><h2 style=\"text-align: center;\">\u00a7 5 External websites<\/h2><p id=\"zewinfo\"><span class=\"colored\">The Administrator cooperates with the following external websites that may place Cookies on User Devices:<\/span><\/p><ul id=\"zewnetrzne\"><li><p><strong><span class=\"colored\">Google Analytics<\/span><\/strong><\/p><\/li><li><p><strong><span class=\"colored\">Youtube<\/span><\/strong><\/p><\/li><li><p><strong><span class=\"colored\">Vimeo<\/span><\/strong><\/p><\/li><\/ul><h2 style=\"text-align: center;\">\u00a7 6 Possibilities of determining the conditions of storage and access on User Devices via the Website<span id=\"sz6\" style=\"display: inline;\"> and External services<\/span><\/h2><ul><li><p>The User may at any time change the settings for saving, deleting and accessing data stored in Cookies<\/p><\/li><li><p>Information on how to disable cookies in the most popular computer browsers and mobile devices is available at: <a href=\"http:\/\/jakwylaczyccookie.pl\" target=\"_blank\" rel=\"noopener\">how to disable cookies<\/a>.<\/p><\/li><li><p>The User may at any time delete all Cookie files saved so far using the tools of the User&#039;s Device through which the User uses the Website&#039;s services.<\/p><\/li><\/ul><h2 style=\"text-align: center;\">\u00a7 7 Exclusion of liability<\/h2><ul><li>The Administrator uses all possible measures to ensure the security of data stored in Cookies. However, it should be noted that ensuring the security of this data depends on both parties, including the User&#039;s activity and the security system of the device he uses.<\/li><li>The Administrator is not responsible for intercepting data contained in Cookie files, impersonating the User&#039;s session or deleting them as a result of the User&#039;s conscious or unconscious activity, viruses, Trojan horses and other spyware that may infect the User&#039;s Device.<\/li><li>In order to protect themselves against the threats indicated in the previous point, users should follow the following: <span id=\"cyber_random\">cybersecurity rules on the Internet<\/span>.<\/li><li>Services provided by third parties are beyond the Controller&#039;s control. These entities may change their terms of service, purpose and use of cookies at any time. The Administrator is not responsible, to the extent permitted by law, for the operation of cookies used by partner websites. Users can manage permissions and cookie settings for any website at any time.<\/li><\/ul><h2 style=\"text-align: center;\">\u00a7 8 Website Requirements<\/h2><ul><li><p>Restricting the storage and access to cookies on the User&#039;s Device may result in incorrect operation of some functions of the Website.<\/p><\/li><li><p>The Administrator is not liable for incorrectly functioning functions of the Website if the User limits in any way the ability to save and read Cookie files.<\/p><\/li><\/ul><h2 style=\"text-align: center;\">\u00a7 9 Changes to the Cookie Policy<\/h2><ul><li><p>The Administrator reserves the right to change this Cookie Policy at any time without having to inform users about it.<\/p><\/li><li><p>Changes introduced to the Cookie Policy will always be published on this website.<\/p><\/li><li><p>The changes introduced come into force on the day of publication of the Cookie Policy.<\/p><\/li><\/ul>\t\t\t\t\t\t\t\t<\/div>\n\t\t\t\t<\/div>\n\t\t\t\t\t<\/div>\n\t\t\t\t<\/div>\n\t\t\t\t<\/div>","protected":false},"excerpt":{"rendered":"<p>Polityka Prywatno\u015bci Poni\u017csza Polityka Cookies okre\u015bla zasady zapisywania i uzyskiwania dost\u0119pu do danych na Urz\u0105dzeniach U\u017cytkownik\u00f3w korzystaj\u0105cych z Serwisu do cel\u00f3w \u015bwiadczenia us\u0142ug drog\u0105 elektroniczn\u0105 przez Administratora Serwisu. \u00a7 1 Definicje Serwis &#8211; serwis internetowy dzia\u0142aj\u0105cy pod adresem tabsoft.pl Serwis zewn\u0119trzny &#8211; serwis internetowe partner\u00f3w, us\u0142ugodawc\u00f3w lub us\u0142ugobiorc\u00f3w Administratora Administrator &#8211; firma TABSoft Dariusz Tabaczy\u0144ski, [&hellip;]<\/p>\n","protected":false},"author":1,"featured_media":0,"parent":0,"menu_order":0,"comment_status":"closed","ping_status":"closed","template":"","meta":{"footnotes":""},"class_list":["post-2105","page","type-page","status-publish","hentry"],"blocksy_meta":[],"_links":{"self":[{"href":"https:\/\/tabsoft.pl\/en\/wp-json\/wp\/v2\/pages\/2105","targetHints":{"allow":["GET"]}}],"collection":[{"href":"https:\/\/tabsoft.pl\/en\/wp-json\/wp\/v2\/pages"}],"about":[{"href":"https:\/\/tabsoft.pl\/en\/wp-json\/wp\/v2\/types\/page"}],"author":[{"embeddable":true,"href":"https:\/\/tabsoft.pl\/en\/wp-json\/wp\/v2\/users\/1"}],"replies":[{"embeddable":true,"href":"https:\/\/tabsoft.pl\/en\/wp-json\/wp\/v2\/comments?post=2105"}],"version-history":[{"count":12,"href":"https:\/\/tabsoft.pl\/en\/wp-json\/wp\/v2\/pages\/2105\/revisions"}],"predecessor-version":[{"id":3110,"href":"https:\/\/tabsoft.pl\/en\/wp-json\/wp\/v2\/pages\/2105\/revisions\/3110"}],"wp:attachment":[{"href":"https:\/\/tabsoft.pl\/en\/wp-json\/wp\/v2\/media?parent=2105"}],"curies":[{"name":"wp","href":"https:\/\/api.w.org\/{rel}","templated":true}]}}