{"id":2105,"date":"2023-09-18T10:40:37","date_gmt":"2023-09-18T10:40:37","guid":{"rendered":"http:\/\/localhost:8001\/?page_id=2105"},"modified":"2024-05-08T16:20:45","modified_gmt":"2024-05-08T16:20:45","slug":"privacy-policy","status":"publish","type":"page","link":"https:\/\/tabsoft.pl\/pl\/privacy-policy\/","title":{"rendered":"Privacy Policy"},"content":{"rendered":"\t\t<div data-elementor-type=\"wp-page\" data-elementor-id=\"2105\" class=\"elementor elementor-2105\">\n\t\t\t\t<div class=\"elementor-element elementor-element-346cd15 e-flex e-con-boxed e-con e-parent\" data-id=\"346cd15\" data-element_type=\"container\" data-e-type=\"container\" data-settings=\"{&quot;background_background&quot;:&quot;classic&quot;}\">\n\t\t\t\t\t<div class=\"e-con-inner\">\n\t\t\t\t\t<\/div>\n\t\t\t\t<\/div>\n\t\t<div class=\"elementor-element elementor-element-7d1e06ca e-flex e-con-boxed e-con e-parent\" data-id=\"7d1e06ca\" data-element_type=\"container\" data-e-type=\"container\">\n\t\t\t\t\t<div class=\"e-con-inner\">\n\t\t\t\t<div class=\"elementor-element elementor-element-79af9e47 elementor-widget elementor-widget-text-editor\" data-id=\"79af9e47\" data-element_type=\"widget\" data-e-type=\"widget\" data-widget_type=\"text-editor.default\">\n\t\t\t\t<div class=\"elementor-widget-container\">\n\t\t\t\t\t\t\t\t\t<h1 style=\"text-align: center;\">Polityka Prywatno\u015bci<\/h1><p>Poni\u017csza Polityka Cookies okre\u015bla zasady zapisywania i uzyskiwania dost\u0119pu do danych na Urz\u0105dzeniach U\u017cytkownik\u00f3w korzystaj\u0105cych z Serwisu do cel\u00f3w \u015bwiadczenia us\u0142ug drog\u0105 elektroniczn\u0105 przez Administratora Serwisu.<\/p><h2 style=\"text-align: center;\">\u00a7 1 Definicje<\/h2><ul><li><p><strong>Serwis<\/strong> &#8211; serwis internetowy dzia\u0142aj\u0105cy pod adresem <span id=\"serwis\"><span class=\"colored\">tabsoft.pl<\/span><\/span><\/p><\/li><li><p><strong>Serwis zewn\u0119trzny<\/strong> &#8211; serwis internetowe partner\u00f3w, us\u0142ugodawc\u00f3w lub us\u0142ugobiorc\u00f3w Administratora<\/p><\/li><li><p><strong>Administrator<\/strong> &#8211; firma <span id=\"firma\"><span class=\"colored\">TABSoft Dariusz Tabaczy\u0144ski<\/span>, prowadz\u0105ca dzia\u0142alno\u015b\u0107 pod adresem: <span class=\"colored\">ul. Morszy\u0144ska 44\/46, 60-464 Pozna\u0144<\/span>, o nadanym numerze identyfikacji podatkowej (NIP): <span class=\"colored\">7781097557<\/span><\/span>, \u015bwiadcz\u0105ca us\u0142ugi drog\u0105 elektroniczn\u0105 za po\u015brednictwem Serwisu oraz przechowuj\u0105ca i uzyskuj\u0105ca dost\u0119p do informacji w urz\u0105dzeniach U\u017cytkownika<\/p><\/li><li><p><strong>U\u017cytkownik<\/strong> &#8211; osba fizyczna, dla kt\u00f3rej Administrator \u015bwiadczy us\u0142ugi drog\u0105 elektroniczna za po\u015brednictwem Serwisu.<\/p><\/li><li><p><strong>Urz\u0105dzenie<\/strong> &#8211; elektroniczne urz\u0105dzenie wraz z oprogramowaniem, za po\u015brednictwem, kt\u00f3rego U\u017cytkownik uzyskuje dost\u0119p do Serwisu<\/p><\/li><li><p><strong>Cookies (ciasteczka)<\/strong> &#8211; dane tekstowe gromadzone w formie plik\u00f3w zamieszczanych na Urz\u0105dzeniu U\u017cytkownika<\/p><\/li><\/ul><h2 style=\"text-align: center;\">\u00a7 2 Rodzaje Cookies<\/h2><ul><li><p><strong>Cookies wewn\u0119trzne<\/strong> &#8211; pliki zamieszczane i odczytywane z Urz\u0105dzenia U\u017cytkownika przes system teleinformatyczny Serwisu<\/p><\/li><li><p><strong>Cookies zewn\u0119trzne<\/strong> &#8211; pliki zamieszczane i odczytywane z Urz\u0105dzenia U\u017cytkownika przez systemy teleinformatyczne Serwis\u00f3w zewn\u0119trznych<\/p><\/li><li><p><strong>Cookies sesyjne<\/strong> &#8211; pliki zamieszczane i odczytywane z Urz\u0105dzenia U\u017cytkownika przez Serwis <span id=\"sz1\" style=\"display: inline;\">lub Serwisy zewn\u0119trzne<\/span> podczas jednej sesji danego Urz\u0105dzenia. Po zako\u0144czeniu sesji pliki s\u0105 usuwane z Urz\u0105dzenia U\u017cytkownika.<\/p><\/li><li><p><strong>Cookies trwa\u0142e<\/strong> &#8211; pliki zamieszczane i odczytywane z Urz\u0105dzenia U\u017cytkownika przez Serwis <span id=\"sz2\" style=\"display: inline;\">lub Serwisy zewn\u0119trzne<\/span> do momentu ich r\u0119cznego usuni\u0119cia. Pliki nie s\u0105 usuwane automatycznie po zako\u0144czeniu sesji Urz\u0105dzenia chyba \u017ce konfiguracja Urz\u0105dzenia U\u017cytkownika jest ustawiona na tryb usuwanie plik\u00f3w Cookie po zako\u0144czeniu sesji Urz\u0105dzenia.<\/p><\/li><\/ul><h2 style=\"text-align: center;\">\u00a7 3 Bezpiecze\u0144stwo<\/h2><ul><li><p><strong>Mechanizmy sk\u0142adowania i odczytu<\/strong> &#8211; Mechanizmy sk\u0142adowania i odczytu Cookies nie pozwalaj\u0105 na pobierania jakichkolwiek danych osobowych ani \u017cadnych informacji poufnych z Urz\u0105dzenia U\u017cytkownika. Przeniesienie na Urz\u0105dzenie U\u017cytkownika wirus\u00f3w, koni troja\u0144skich oraz innych robak\u00f3w jest praktynie niemo\u017cliwe.<\/p><\/li><li><p><strong>Cookie wewn\u0119trzne<\/strong> &#8211; zastosowane przez Administratora Cookie wewn\u0119trzne s\u0105 bezpieczne dla Urz\u0105dze\u0144 U\u017cytkownik\u00f3w<\/p><\/li><li><p><strong>Cookie zewn\u0119trzne<\/strong> &#8211; za bezpiecze\u0144stwo plik\u00f3w Cookie pochodz\u0105cych od partner\u00f3w Serwisu Administrator nie ponosi odpowiedzialno\u015bci. Lista partner\u00f3w zamieszczona jest w dalszej cz\u0119\u015bci Polityki Cookie.<\/p><\/li><\/ul><h2 style=\"text-align: center;\">\u00a7 4 Cele do kt\u00f3rych wykorzystywane s\u0105 pliki Cookie<\/h2><ul id=\"cele\"><li><p><strong><span class=\"colored\">Dane statystyczne<\/span><\/strong> &#8211; Administrator <span id=\"sz4\" style=\"display: inline;\">oraz Serwisy zewn\u0119trzne<\/span> wykorzystuje pliki Cookie do zbirania i przetwarzania danych statystycznych takich jak np. statystyki odwiedzin, statystyki Urz\u0105dze\u0144 U\u017cytkownik\u00f3w czy statystyki zachowa\u0144 u\u017cytkownik\u00f3w. Dane te zbierane s\u0105 w celu analizy i ulepszania Serwisu.<\/p><\/li><li><p><strong><span class=\"colored\">Serwowanie us\u0142ug multimedialnych<\/span><\/strong> &#8211; Administrator <span id=\"sz5\" style=\"display: inline;\">oraz Serwisy zewn\u0119trzne<\/span> wykorzystuje pliki Cookie do serwowania U\u017cytkownikom us\u0142ug multimedialnych.<\/p><\/li><\/ul><h2 style=\"text-align: center;\">\u00a7 5 Serwisy zewn\u0119trzne<\/h2><p id=\"zewinfo\"><span class=\"colored\">Administrator wsp\u00f3\u0142pracuje z nast\u0119puj\u0105cymi serwisami zewn\u0119trznymi, kt\u00f3re mog\u0105 zamieszcza\u0107 pliki Cookie na Urz\u0105dzeniach U\u017cytkownika:<\/span><\/p><ul id=\"zewnetrzne\"><li><p><strong><span class=\"colored\">Google Analytics<\/span><\/strong><\/p><\/li><li><p><strong><span class=\"colored\">Youtube<\/span><\/strong><\/p><\/li><li><p><strong><span class=\"colored\">Vimeo<\/span><\/strong><\/p><\/li><\/ul><h2 style=\"text-align: center;\">\u00a7 6 Mo\u017cliwo\u015bci okre\u015blania warunk\u00f3w przechowywania i uzyskiwania dost\u0119pu na Urz\u0105dzeniach U\u017cytkownika przez Serwis<span id=\"sz6\" style=\"display: inline;\"> i Serwisy zewn\u0119trzne<\/span><\/h2><ul><li><p>U\u017cytkownik mo\u017ce w dowolnym momencie, samodzielnie zmieni\u0107 ustawienia dotycz\u0105ce zapisywania, usuwania oraz dost\u0119pu do danych zapisanych plik\u00f3w Cookies<\/p><\/li><li><p>Informacje o sposobie wy\u0142\u0105czenia plik\u00f3w Cookie w najpopularniejszych przegl\u0105darkach komputerowych i urz\u0105dze\u0144 mobilnych dost\u0119pna s\u0105 na stronie: <a href=\"http:\/\/jakwylaczyccookie.pl\" target=\"_blank\" rel=\"noopener\">jak wy\u0142\u0105czy\u0107 cookie<\/a>.<\/p><\/li><li><p>U\u017cytkownik mo\u017ce w dowolnym momencie usun\u0105\u0107 wszelkie zapisane do tej pory pliki Cookie korzystaj\u0105c z narz\u0119dzi Urz\u0105dzenia U\u017cytkownika za po\u015brednictwem kt\u00f3rego U\u017cytkowanik korzysta z us\u0142ug Serwisu.<\/p><\/li><\/ul><h2 style=\"text-align: center;\">\u00a7 7 Wy\u0142\u0105czenie odpowiedzialno\u015bci<\/h2><ul><li>Administrator stosuje wszelkie mo\u017cliwe \u015brodki w celu zapewnienia bezpiecze\u0144stwa danych umieszczanych w plikach Cookie. Nale\u017cy jednak zwr\u00f3ci\u0107 uwag\u0119, \u017ce zapewnienie bezpiecze\u0144stwa tych danych zale\u017cy od obu stron, w tym dzia\u0142alno\u015bci U\u017cytkownika oraz satnu zabezpiecze\u0144 urz\u0105dzenia z kt\u00f3rego korzysta.<\/li><li>Administrator nie bierze odpowiedzialno\u015bci za przechwycenie danych zawartych w plikach Cookie, podszycie si\u0119 pod sesj\u0119 U\u017cytkownika lub ich usuni\u0119cie, na skutek \u015bwiadomej lub nie\u015bwiadomej dzia\u0142alno\u015b\u0107 U\u017cytkownika, wirus\u00f3w, koni troja\u0144skich i innego oprogramowania szpieguj\u0105cego, kt\u00f3rymi mo\u017ce by\u0107 zainfekowane Urz\u0105dzenie U\u017cytkownika.<\/li><li>U\u017cytkownicy w celu zabezpieczenia si\u0119 przed wskazanymi w punkcie poprzednim zagro\u017ceniami powinni stosowa\u0107 si\u0119 do <span id=\"cyber_random\">zasad cyberbezpiecze\u0144stwa w sieci internet<\/span>.<\/li><li>Us\u0142ugi \u015bwiadczone przez podmioty trzecie s\u0105 poza kontrol\u0105 Administratora. Podmioty te mog\u0105 w ka\u017cdej chwili zmieni\u0107 swoje warunki \u015bwiadczenia us\u0142ug, cel oraz wykorzystanie plik\u00f3w cookie. Administrator nie odpowiada na tyle na ile pozwala na to prawo za dzia\u0142anie plik\u00f3w cookies u\u017cywanych przez serwisy partnerskie. U\u017cytkownicy w ka\u017cdej chwili mog\u0105 samodzielnie zarz\u0105dza\u0107 zezwoleniami i ustawieniami plik\u00f3w cookie dla ka\u017cedej dowolnej witryny.<\/li><\/ul><h2 style=\"text-align: center;\">\u00a7 8 Wymagania Serwisu<\/h2><ul><li><p>Ograniczenie zapisu i dost\u0119pu do plik\u00f3w Cookie na Urz\u0105dzeniu U\u017cytkownika mo\u017ce spowodowa\u0107 nieprawid\u0142owe dzia\u0142anie niekt\u00f3rych funkcji Serwisu.<\/p><\/li><li><p>Administrator nie ponosi \u017cadnej odpowiedzialno\u015bci za nieprawid\u0142owo dzia\u0142aj\u0105ce funkcje Serwisu w przypadku gdy U\u017cytkownik ograniczy w jakikolwiek spos\u00f3b mo\u017cliwo\u015b\u0107 zapisywania i odczytu plik\u00f3w Cookie.<\/p><\/li><\/ul><h2 style=\"text-align: center;\">\u00a7 9 Zmiany w Polityce Cookie<\/h2><ul><li><p>Administrator zastrzega sobie prawo do dowolnej zmiany niniejszej Polityki Cookie bez konieczno\u015bci informowania o tym u\u017cytkownik\u00f3w.<\/p><\/li><li><p>Wprowadzone zmiany w Polityce Cookie zawsze b\u0119d\u0105 publikowane na tej stronie.<\/p><\/li><li><p>Wprowadzone zmiany wchodz\u0105 w \u017cycie w dniu publikacji Polityki Cookie.<\/p><\/li><\/ul>\t\t\t\t\t\t\t\t<\/div>\n\t\t\t\t<\/div>\n\t\t\t\t\t<\/div>\n\t\t\t\t<\/div>\n\t\t\t\t<\/div>\n\t\t","protected":false},"excerpt":{"rendered":"<p>Polityka Prywatno\u015bci Poni\u017csza Polityka Cookies okre\u015bla zasady zapisywania i uzyskiwania dost\u0119pu do danych na Urz\u0105dzeniach U\u017cytkownik\u00f3w korzystaj\u0105cych z Serwisu do cel\u00f3w \u015bwiadczenia us\u0142ug drog\u0105 elektroniczn\u0105 przez Administratora Serwisu. \u00a7 1 Definicje Serwis &#8211; serwis internetowy dzia\u0142aj\u0105cy pod adresem tabsoft.pl Serwis zewn\u0119trzny &#8211; serwis internetowe partner\u00f3w, us\u0142ugodawc\u00f3w lub us\u0142ugobiorc\u00f3w Administratora Administrator &#8211; firma TABSoft Dariusz Tabaczy\u0144ski, [&hellip;]<\/p>\n","protected":false},"author":1,"featured_media":0,"parent":0,"menu_order":0,"comment_status":"closed","ping_status":"closed","template":"","meta":{"footnotes":""},"class_list":["post-2105","page","type-page","status-publish","hentry"],"blocksy_meta":[],"_links":{"self":[{"href":"https:\/\/tabsoft.pl\/pl\/wp-json\/wp\/v2\/pages\/2105","targetHints":{"allow":["GET"]}}],"collection":[{"href":"https:\/\/tabsoft.pl\/pl\/wp-json\/wp\/v2\/pages"}],"about":[{"href":"https:\/\/tabsoft.pl\/pl\/wp-json\/wp\/v2\/types\/page"}],"author":[{"embeddable":true,"href":"https:\/\/tabsoft.pl\/pl\/wp-json\/wp\/v2\/users\/1"}],"replies":[{"embeddable":true,"href":"https:\/\/tabsoft.pl\/pl\/wp-json\/wp\/v2\/comments?post=2105"}],"version-history":[{"count":12,"href":"https:\/\/tabsoft.pl\/pl\/wp-json\/wp\/v2\/pages\/2105\/revisions"}],"predecessor-version":[{"id":3110,"href":"https:\/\/tabsoft.pl\/pl\/wp-json\/wp\/v2\/pages\/2105\/revisions\/3110"}],"wp:attachment":[{"href":"https:\/\/tabsoft.pl\/pl\/wp-json\/wp\/v2\/media?parent=2105"}],"curies":[{"name":"wp","href":"https:\/\/api.w.org\/{rel}","templated":true}]}}